{"id":1762,"date":"2023-07-17T12:41:01","date_gmt":"2023-07-17T12:41:01","guid":{"rendered":"https:\/\/marlog-europe.com\/sprowadzanie-samochodu-spoza-ue\/ev-noorwegen-copy\/"},"modified":"2023-12-08T08:58:10","modified_gmt":"2023-12-08T08:58:10","slug":"ev-norwegia","status":"publish","type":"page","link":"https:\/\/marlog-europe.com\/pl\/sprowadzanie-samochodu-spoza-ue\/ev-norwegia\/","title":{"rendered":"Importowanie samochodu elektrycznego z Norwegii"},"content":{"rendered":"","protected":false},"excerpt":{"rendered":"","protected":false},"author":1,"featured_media":1721,"parent":967,"menu_order":0,"comment_status":"closed","ping_status":"closed","template":"page-templates\/landingspagina-2.php","meta":{"_acf_changed":false,"_genesis_hide_title":false,"_genesis_hide_breadcrumbs":false,"_genesis_hide_singular_image":false,"_genesis_hide_footer_widgets":false,"_genesis_custom_body_class":"","_genesis_custom_post_class":"","_genesis_layout":"","footnotes":""},"class_list":{"0":"post-1762","1":"page","2":"type-page","3":"status-publish","4":"has-post-thumbnail","6":"entry"},"acf":[],"yoast_head":"<!-- This site is optimized with the Yoast SEO plugin v27.5 - https:\/\/yoast.com\/product\/yoast-seo-wordpress\/ -->\n<title>Importowanie samochodu elektrycznego z Norwegii - Marlog Europe<\/title>\n<meta name=\"description\" content=\"Czy chcia\u0142by\u015b\/importowa\u0142\/a\u015b Tesl\u0119 lub inny samoch\u00f3d elektryczny z Norwegii? Dzi\u0119ki Marlog Europe zaoszcz\u0119dzisz pieni\u0105dze, czas i unikniesz k\u0142opot\u00f3w!\" \/>\n<meta name=\"robots\" content=\"index, follow, max-snippet:-1, max-image-preview:large, max-video-preview:-1\" \/>\n<link rel=\"canonical\" href=\"https:\/\/marlog-europe.com\/pl\/sprowadzanie-samochodu-spoza-ue\/ev-norwegia\/\" \/>\n<meta property=\"og:locale\" content=\"pl_PL\" \/>\n<meta property=\"og:type\" content=\"article\" \/>\n<meta property=\"og:title\" content=\"Importowanie samochodu elektrycznego z Norwegii - Marlog Europe\" \/>\n<meta property=\"og:description\" content=\"Czy chcia\u0142by\u015b\/importowa\u0142\/a\u015b Tesl\u0119 lub inny samoch\u00f3d elektryczny z Norwegii? Dzi\u0119ki Marlog Europe zaoszcz\u0119dzisz pieni\u0105dze, czas i unikniesz k\u0142opot\u00f3w!\" \/>\n<meta property=\"og:url\" content=\"https:\/\/marlog-europe.com\/pl\/sprowadzanie-samochodu-spoza-ue\/ev-norwegia\/\" \/>\n<meta property=\"og:site_name\" content=\"Marlog Europe\" \/>\n<meta property=\"article:modified_time\" content=\"2023-12-08T08:58:10+00:00\" \/>\n<meta property=\"og:image\" content=\"https:\/\/marlog-europe.com\/wp-content\/uploads\/car-gd8ca52550_640.jpg\" \/>\n\t<meta property=\"og:image:width\" content=\"640\" \/>\n\t<meta property=\"og:image:height\" content=\"427\" \/>\n\t<meta property=\"og:image:type\" content=\"image\/jpeg\" \/>\n<meta name=\"twitter:card\" content=\"summary_large_image\" \/>\n<script type=\"application\/ld+json\" class=\"yoast-schema-graph\">{\"@context\":\"https:\\\/\\\/schema.org\",\"@graph\":[{\"@type\":\"WebPage\",\"@id\":\"https:\\\/\\\/marlog-europe.com\\\/pl\\\/sprowadzanie-samochodu-spoza-ue\\\/ev-norwegia\\\/\",\"url\":\"https:\\\/\\\/marlog-europe.com\\\/pl\\\/sprowadzanie-samochodu-spoza-ue\\\/ev-norwegia\\\/\",\"name\":\"Importowanie samochodu elektrycznego z Norwegii - Marlog Europe\",\"isPartOf\":{\"@id\":\"https:\\\/\\\/marlog-europe.nl\\\/#website\"},\"primaryImageOfPage\":{\"@id\":\"https:\\\/\\\/marlog-europe.com\\\/pl\\\/sprowadzanie-samochodu-spoza-ue\\\/ev-norwegia\\\/#primaryimage\"},\"image\":{\"@id\":\"https:\\\/\\\/marlog-europe.com\\\/pl\\\/sprowadzanie-samochodu-spoza-ue\\\/ev-norwegia\\\/#primaryimage\"},\"thumbnailUrl\":\"https:\\\/\\\/marlog-europe.com\\\/wp-content\\\/uploads\\\/car-gd8ca52550_640.jpg\",\"datePublished\":\"2023-07-17T12:41:01+00:00\",\"dateModified\":\"2023-12-08T08:58:10+00:00\",\"description\":\"Czy chcia\u0142by\u015b\\\/importowa\u0142\\\/a\u015b Tesl\u0119 lub inny samoch\u00f3d elektryczny z Norwegii? Dzi\u0119ki Marlog Europe zaoszcz\u0119dzisz pieni\u0105dze, czas i unikniesz k\u0142opot\u00f3w!\",\"breadcrumb\":{\"@id\":\"https:\\\/\\\/marlog-europe.com\\\/pl\\\/sprowadzanie-samochodu-spoza-ue\\\/ev-norwegia\\\/#breadcrumb\"},\"inLanguage\":\"pl-PL\",\"potentialAction\":[{\"@type\":\"ReadAction\",\"target\":[\"https:\\\/\\\/marlog-europe.com\\\/pl\\\/sprowadzanie-samochodu-spoza-ue\\\/ev-norwegia\\\/\"]}]},{\"@type\":\"ImageObject\",\"inLanguage\":\"pl-PL\",\"@id\":\"https:\\\/\\\/marlog-europe.com\\\/pl\\\/sprowadzanie-samochodu-spoza-ue\\\/ev-norwegia\\\/#primaryimage\",\"url\":\"https:\\\/\\\/marlog-europe.com\\\/wp-content\\\/uploads\\\/car-gd8ca52550_640.jpg\",\"contentUrl\":\"https:\\\/\\\/marlog-europe.com\\\/wp-content\\\/uploads\\\/car-gd8ca52550_640.jpg\",\"width\":640,\"height\":427,\"caption\":\"elektrische auto importeren Noorwergen\"},{\"@type\":\"BreadcrumbList\",\"@id\":\"https:\\\/\\\/marlog-europe.com\\\/pl\\\/sprowadzanie-samochodu-spoza-ue\\\/ev-norwegia\\\/#breadcrumb\",\"itemListElement\":[{\"@type\":\"ListItem\",\"position\":1,\"name\":\"Home\",\"item\":\"https:\\\/\\\/marlog-europe.com\\\/pl\\\/\"},{\"@type\":\"ListItem\",\"position\":2,\"name\":\"Sprowadzanie samochodu spoza UE\",\"item\":\"https:\\\/\\\/marlog-europe.com\\\/pl\\\/sprowadzanie-samochodu-spoza-ue\\\/\"},{\"@type\":\"ListItem\",\"position\":3,\"name\":\"Importowanie samochodu elektrycznego z Norwegii\"}]},{\"@type\":\"WebSite\",\"@id\":\"https:\\\/\\\/marlog-europe.nl\\\/#website\",\"url\":\"https:\\\/\\\/marlog-europe.nl\\\/\",\"name\":\"Marlog Europe\",\"description\":\"Auto import and export\",\"potentialAction\":[{\"@type\":\"SearchAction\",\"target\":{\"@type\":\"EntryPoint\",\"urlTemplate\":\"https:\\\/\\\/marlog-europe.nl\\\/?s={search_term_string}\"},\"query-input\":{\"@type\":\"PropertyValueSpecification\",\"valueRequired\":true,\"valueName\":\"search_term_string\"}}],\"inLanguage\":\"pl-PL\"}]}<\/script>\n<!-- \/ Yoast SEO plugin. -->","yoast_head_json":{"title":"Importowanie samochodu elektrycznego z Norwegii - Marlog Europe","description":"Czy chcia\u0142by\u015b\/importowa\u0142\/a\u015b Tesl\u0119 lub inny samoch\u00f3d elektryczny z Norwegii? Dzi\u0119ki Marlog Europe zaoszcz\u0119dzisz pieni\u0105dze, czas i unikniesz k\u0142opot\u00f3w!","robots":{"index":"index","follow":"follow","max-snippet":"max-snippet:-1","max-image-preview":"max-image-preview:large","max-video-preview":"max-video-preview:-1"},"canonical":"https:\/\/marlog-europe.com\/pl\/sprowadzanie-samochodu-spoza-ue\/ev-norwegia\/","og_locale":"pl_PL","og_type":"article","og_title":"Importowanie samochodu elektrycznego z Norwegii - Marlog Europe","og_description":"Czy chcia\u0142by\u015b\/importowa\u0142\/a\u015b Tesl\u0119 lub inny samoch\u00f3d elektryczny z Norwegii? Dzi\u0119ki Marlog Europe zaoszcz\u0119dzisz pieni\u0105dze, czas i unikniesz k\u0142opot\u00f3w!","og_url":"https:\/\/marlog-europe.com\/pl\/sprowadzanie-samochodu-spoza-ue\/ev-norwegia\/","og_site_name":"Marlog Europe","article_modified_time":"2023-12-08T08:58:10+00:00","og_image":[{"width":640,"height":427,"url":"https:\/\/marlog-europe.com\/wp-content\/uploads\/car-gd8ca52550_640.jpg","type":"image\/jpeg"}],"twitter_card":"summary_large_image","schema":{"@context":"https:\/\/schema.org","@graph":[{"@type":"WebPage","@id":"https:\/\/marlog-europe.com\/pl\/sprowadzanie-samochodu-spoza-ue\/ev-norwegia\/","url":"https:\/\/marlog-europe.com\/pl\/sprowadzanie-samochodu-spoza-ue\/ev-norwegia\/","name":"Importowanie samochodu elektrycznego z Norwegii - Marlog Europe","isPartOf":{"@id":"https:\/\/marlog-europe.nl\/#website"},"primaryImageOfPage":{"@id":"https:\/\/marlog-europe.com\/pl\/sprowadzanie-samochodu-spoza-ue\/ev-norwegia\/#primaryimage"},"image":{"@id":"https:\/\/marlog-europe.com\/pl\/sprowadzanie-samochodu-spoza-ue\/ev-norwegia\/#primaryimage"},"thumbnailUrl":"https:\/\/marlog-europe.com\/wp-content\/uploads\/car-gd8ca52550_640.jpg","datePublished":"2023-07-17T12:41:01+00:00","dateModified":"2023-12-08T08:58:10+00:00","description":"Czy chcia\u0142by\u015b\/importowa\u0142\/a\u015b Tesl\u0119 lub inny samoch\u00f3d elektryczny z Norwegii? Dzi\u0119ki Marlog Europe zaoszcz\u0119dzisz pieni\u0105dze, czas i unikniesz k\u0142opot\u00f3w!","breadcrumb":{"@id":"https:\/\/marlog-europe.com\/pl\/sprowadzanie-samochodu-spoza-ue\/ev-norwegia\/#breadcrumb"},"inLanguage":"pl-PL","potentialAction":[{"@type":"ReadAction","target":["https:\/\/marlog-europe.com\/pl\/sprowadzanie-samochodu-spoza-ue\/ev-norwegia\/"]}]},{"@type":"ImageObject","inLanguage":"pl-PL","@id":"https:\/\/marlog-europe.com\/pl\/sprowadzanie-samochodu-spoza-ue\/ev-norwegia\/#primaryimage","url":"https:\/\/marlog-europe.com\/wp-content\/uploads\/car-gd8ca52550_640.jpg","contentUrl":"https:\/\/marlog-europe.com\/wp-content\/uploads\/car-gd8ca52550_640.jpg","width":640,"height":427,"caption":"elektrische auto importeren Noorwergen"},{"@type":"BreadcrumbList","@id":"https:\/\/marlog-europe.com\/pl\/sprowadzanie-samochodu-spoza-ue\/ev-norwegia\/#breadcrumb","itemListElement":[{"@type":"ListItem","position":1,"name":"Home","item":"https:\/\/marlog-europe.com\/pl\/"},{"@type":"ListItem","position":2,"name":"Sprowadzanie samochodu spoza UE","item":"https:\/\/marlog-europe.com\/pl\/sprowadzanie-samochodu-spoza-ue\/"},{"@type":"ListItem","position":3,"name":"Importowanie samochodu elektrycznego z Norwegii"}]},{"@type":"WebSite","@id":"https:\/\/marlog-europe.nl\/#website","url":"https:\/\/marlog-europe.nl\/","name":"Marlog Europe","description":"Auto import and export","potentialAction":[{"@type":"SearchAction","target":{"@type":"EntryPoint","urlTemplate":"https:\/\/marlog-europe.nl\/?s={search_term_string}"},"query-input":{"@type":"PropertyValueSpecification","valueRequired":true,"valueName":"search_term_string"}}],"inLanguage":"pl-PL"}]}},"_links":{"self":[{"href":"https:\/\/marlog-europe.com\/pl\/wp-json\/wp\/v2\/pages\/1762","targetHints":{"allow":["GET"]}}],"collection":[{"href":"https:\/\/marlog-europe.com\/pl\/wp-json\/wp\/v2\/pages"}],"about":[{"href":"https:\/\/marlog-europe.com\/pl\/wp-json\/wp\/v2\/types\/page"}],"author":[{"embeddable":true,"href":"https:\/\/marlog-europe.com\/pl\/wp-json\/wp\/v2\/users\/1"}],"replies":[{"embeddable":true,"href":"https:\/\/marlog-europe.com\/pl\/wp-json\/wp\/v2\/comments?post=1762"}],"version-history":[{"count":0,"href":"https:\/\/marlog-europe.com\/pl\/wp-json\/wp\/v2\/pages\/1762\/revisions"}],"up":[{"embeddable":true,"href":"https:\/\/marlog-europe.com\/pl\/wp-json\/wp\/v2\/pages\/967"}],"wp:featuredmedia":[{"embeddable":true,"href":"https:\/\/marlog-europe.com\/pl\/wp-json\/wp\/v2\/media\/1721"}],"wp:attachment":[{"href":"https:\/\/marlog-europe.com\/pl\/wp-json\/wp\/v2\/media?parent=1762"}],"curies":[{"name":"wp","href":"https:\/\/api.w.org\/{rel}","templated":true}]}}