{"id":4194,"date":"2025-05-23T09:43:35","date_gmt":"2025-05-23T09:43:35","guid":{"rendered":"https:\/\/marlog-europe.com\/sprowadzanie-samochodu-spoza-ue\/uk\/"},"modified":"2025-06-05T11:31:10","modified_gmt":"2025-06-05T11:31:10","slug":"anglii","status":"publish","type":"page","link":"https:\/\/marlog-europe.com\/pl\/sprowadzanie-samochodu-spoza-ue\/anglii\/","title":{"rendered":"Import samochodu z Wielkiej Anglii"},"content":{"rendered":"","protected":false},"excerpt":{"rendered":"","protected":false},"author":3,"featured_media":0,"parent":967,"menu_order":0,"comment_status":"closed","ping_status":"closed","template":"page-templates\/page.php","meta":{"_acf_changed":false,"_genesis_hide_title":false,"_genesis_hide_breadcrumbs":false,"_genesis_hide_singular_image":false,"_genesis_hide_footer_widgets":false,"_genesis_custom_body_class":"","_genesis_custom_post_class":"","_genesis_layout":"","footnotes":""},"class_list":{"0":"post-4194","1":"page","2":"type-page","3":"status-publish","5":"entry"},"acf":[],"yoast_head":"<!-- This site is optimized with the Yoast SEO plugin v27.2 - https:\/\/yoast.com\/product\/yoast-seo-wordpress\/ -->\n<title>Import samochodu z Anglii \u2013 Bezproblemowy transport i odprawa<\/title>\n<meta name=\"description\" content=\"Sprowadzanie auta z UK? Marlog Europe zadba o transport, odpraw\u0119 celn\u0105 i rejestracj\u0119 \u2013 szybko i bez stresu.\" \/>\n<meta name=\"robots\" content=\"index, follow, max-snippet:-1, max-image-preview:large, max-video-preview:-1\" \/>\n<link rel=\"canonical\" href=\"https:\/\/marlog-europe.com\/pl\/sprowadzanie-samochodu-spoza-ue\/anglii\/\" \/>\n<meta property=\"og:locale\" content=\"pl_PL\" \/>\n<meta property=\"og:type\" content=\"article\" \/>\n<meta property=\"og:title\" content=\"Import samochodu z Anglii \u2013 Bezproblemowy transport i odprawa\" \/>\n<meta property=\"og:description\" content=\"Sprowadzanie auta z UK? Marlog Europe zadba o transport, odpraw\u0119 celn\u0105 i rejestracj\u0119 \u2013 szybko i bez stresu.\" \/>\n<meta property=\"og:url\" content=\"https:\/\/marlog-europe.com\/pl\/sprowadzanie-samochodu-spoza-ue\/anglii\/\" \/>\n<meta property=\"og:site_name\" content=\"Marlog Europe\" \/>\n<meta property=\"article:modified_time\" content=\"2025-06-05T11:31:10+00:00\" \/>\n<meta name=\"twitter:card\" content=\"summary_large_image\" \/>\n<script type=\"application\/ld+json\" class=\"yoast-schema-graph\">{\"@context\":\"https:\/\/schema.org\",\"@graph\":[{\"@type\":\"WebPage\",\"@id\":\"https:\/\/marlog-europe.com\/pl\/sprowadzanie-samochodu-spoza-ue\/anglii\/\",\"url\":\"https:\/\/marlog-europe.com\/pl\/sprowadzanie-samochodu-spoza-ue\/anglii\/\",\"name\":\"Import samochodu z Anglii \u2013 Bezproblemowy transport i odprawa\",\"isPartOf\":{\"@id\":\"https:\/\/marlog-europe.nl\/#website\"},\"datePublished\":\"2025-05-23T09:43:35+00:00\",\"dateModified\":\"2025-06-05T11:31:10+00:00\",\"description\":\"Sprowadzanie auta z UK? Marlog Europe zadba o transport, odpraw\u0119 celn\u0105 i rejestracj\u0119 \u2013 szybko i bez stresu.\",\"breadcrumb\":{\"@id\":\"https:\/\/marlog-europe.com\/pl\/sprowadzanie-samochodu-spoza-ue\/anglii\/#breadcrumb\"},\"inLanguage\":\"pl-PL\",\"potentialAction\":[{\"@type\":\"ReadAction\",\"target\":[\"https:\/\/marlog-europe.com\/pl\/sprowadzanie-samochodu-spoza-ue\/anglii\/\"]}]},{\"@type\":\"BreadcrumbList\",\"@id\":\"https:\/\/marlog-europe.com\/pl\/sprowadzanie-samochodu-spoza-ue\/anglii\/#breadcrumb\",\"itemListElement\":[{\"@type\":\"ListItem\",\"position\":1,\"name\":\"Home\",\"item\":\"https:\/\/marlog-europe.com\/pl\/\"},{\"@type\":\"ListItem\",\"position\":2,\"name\":\"Sprowadzanie samochodu spoza UE\",\"item\":\"https:\/\/marlog-europe.com\/pl\/sprowadzanie-samochodu-spoza-ue\/\"},{\"@type\":\"ListItem\",\"position\":3,\"name\":\"Import samochodu z Wielkiej Anglii\"}]},{\"@type\":\"WebSite\",\"@id\":\"https:\/\/marlog-europe.nl\/#website\",\"url\":\"https:\/\/marlog-europe.nl\/\",\"name\":\"Marlog Europe\",\"description\":\"Auto import and export\",\"potentialAction\":[{\"@type\":\"SearchAction\",\"target\":{\"@type\":\"EntryPoint\",\"urlTemplate\":\"https:\/\/marlog-europe.nl\/?s={search_term_string}\"},\"query-input\":{\"@type\":\"PropertyValueSpecification\",\"valueRequired\":true,\"valueName\":\"search_term_string\"}}],\"inLanguage\":\"pl-PL\"}]}<\/script>\n<!-- \/ Yoast SEO plugin. -->","yoast_head_json":{"title":"Import samochodu z Anglii \u2013 Bezproblemowy transport i odprawa","description":"Sprowadzanie auta z UK? Marlog Europe zadba o transport, odpraw\u0119 celn\u0105 i rejestracj\u0119 \u2013 szybko i bez stresu.","robots":{"index":"index","follow":"follow","max-snippet":"max-snippet:-1","max-image-preview":"max-image-preview:large","max-video-preview":"max-video-preview:-1"},"canonical":"https:\/\/marlog-europe.com\/pl\/sprowadzanie-samochodu-spoza-ue\/anglii\/","og_locale":"pl_PL","og_type":"article","og_title":"Import samochodu z Anglii \u2013 Bezproblemowy transport i odprawa","og_description":"Sprowadzanie auta z UK? Marlog Europe zadba o transport, odpraw\u0119 celn\u0105 i rejestracj\u0119 \u2013 szybko i bez stresu.","og_url":"https:\/\/marlog-europe.com\/pl\/sprowadzanie-samochodu-spoza-ue\/anglii\/","og_site_name":"Marlog Europe","article_modified_time":"2025-06-05T11:31:10+00:00","twitter_card":"summary_large_image","schema":{"@context":"https:\/\/schema.org","@graph":[{"@type":"WebPage","@id":"https:\/\/marlog-europe.com\/pl\/sprowadzanie-samochodu-spoza-ue\/anglii\/","url":"https:\/\/marlog-europe.com\/pl\/sprowadzanie-samochodu-spoza-ue\/anglii\/","name":"Import samochodu z Anglii \u2013 Bezproblemowy transport i odprawa","isPartOf":{"@id":"https:\/\/marlog-europe.nl\/#website"},"datePublished":"2025-05-23T09:43:35+00:00","dateModified":"2025-06-05T11:31:10+00:00","description":"Sprowadzanie auta z UK? Marlog Europe zadba o transport, odpraw\u0119 celn\u0105 i rejestracj\u0119 \u2013 szybko i bez stresu.","breadcrumb":{"@id":"https:\/\/marlog-europe.com\/pl\/sprowadzanie-samochodu-spoza-ue\/anglii\/#breadcrumb"},"inLanguage":"pl-PL","potentialAction":[{"@type":"ReadAction","target":["https:\/\/marlog-europe.com\/pl\/sprowadzanie-samochodu-spoza-ue\/anglii\/"]}]},{"@type":"BreadcrumbList","@id":"https:\/\/marlog-europe.com\/pl\/sprowadzanie-samochodu-spoza-ue\/anglii\/#breadcrumb","itemListElement":[{"@type":"ListItem","position":1,"name":"Home","item":"https:\/\/marlog-europe.com\/pl\/"},{"@type":"ListItem","position":2,"name":"Sprowadzanie samochodu spoza UE","item":"https:\/\/marlog-europe.com\/pl\/sprowadzanie-samochodu-spoza-ue\/"},{"@type":"ListItem","position":3,"name":"Import samochodu z Wielkiej Anglii"}]},{"@type":"WebSite","@id":"https:\/\/marlog-europe.nl\/#website","url":"https:\/\/marlog-europe.nl\/","name":"Marlog Europe","description":"Auto import and export","potentialAction":[{"@type":"SearchAction","target":{"@type":"EntryPoint","urlTemplate":"https:\/\/marlog-europe.nl\/?s={search_term_string}"},"query-input":{"@type":"PropertyValueSpecification","valueRequired":true,"valueName":"search_term_string"}}],"inLanguage":"pl-PL"}]}},"_links":{"self":[{"href":"https:\/\/marlog-europe.com\/pl\/wp-json\/wp\/v2\/pages\/4194","targetHints":{"allow":["GET"]}}],"collection":[{"href":"https:\/\/marlog-europe.com\/pl\/wp-json\/wp\/v2\/pages"}],"about":[{"href":"https:\/\/marlog-europe.com\/pl\/wp-json\/wp\/v2\/types\/page"}],"author":[{"embeddable":true,"href":"https:\/\/marlog-europe.com\/pl\/wp-json\/wp\/v2\/users\/3"}],"replies":[{"embeddable":true,"href":"https:\/\/marlog-europe.com\/pl\/wp-json\/wp\/v2\/comments?post=4194"}],"version-history":[{"count":0,"href":"https:\/\/marlog-europe.com\/pl\/wp-json\/wp\/v2\/pages\/4194\/revisions"}],"up":[{"embeddable":true,"href":"https:\/\/marlog-europe.com\/pl\/wp-json\/wp\/v2\/pages\/967"}],"wp:attachment":[{"href":"https:\/\/marlog-europe.com\/pl\/wp-json\/wp\/v2\/media?parent=4194"}],"curies":[{"name":"wp","href":"https:\/\/api.w.org\/{rel}","templated":true}]}}