{"id":967,"date":"2022-05-23T12:09:19","date_gmt":"2022-05-23T12:09:19","guid":{"rendered":"https:\/\/marlog-europe.com\/auto-importeren-buiten-de-eu\/"},"modified":"2024-05-16T07:43:05","modified_gmt":"2024-05-16T07:43:05","slug":"sprowadzanie-samochodu-spoza-ue","status":"publish","type":"page","link":"https:\/\/marlog-europe.com\/pl\/sprowadzanie-samochodu-spoza-ue\/","title":{"rendered":"Sprowadzanie samochodu spoza UE"},"content":{"rendered":"","protected":false},"excerpt":{"rendered":"","protected":false},"author":1,"featured_media":0,"parent":0,"menu_order":0,"comment_status":"closed","ping_status":"closed","template":"page-templates\/landingspagina.php","meta":{"_acf_changed":false,"_genesis_hide_title":false,"_genesis_hide_breadcrumbs":false,"_genesis_hide_singular_image":false,"_genesis_hide_footer_widgets":false,"_genesis_custom_body_class":"","_genesis_custom_post_class":"","_genesis_layout":"","footnotes":""},"class_list":{"0":"post-967","1":"page","2":"type-page","3":"status-publish","5":"entry"},"acf":[],"yoast_head":"<!-- This site is optimized with the Yoast SEO plugin v27.5 - https:\/\/yoast.com\/product\/yoast-seo-wordpress\/ -->\n<title>Sprowadzanie samochodu spoza UE - Marlog Europe<\/title>\n<meta name=\"description\" content=\"Chcesz sprowadzi\u0107 samoch\u00f3d spoza UE? Marlog Europe pomaga w imporcie pojazdu, dzi\u0119ki czemu import samochod\u00f3w jest dost\u0119pny dla wszystkich\" \/>\n<meta name=\"robots\" content=\"index, follow, max-snippet:-1, max-image-preview:large, max-video-preview:-1\" \/>\n<link rel=\"canonical\" href=\"https:\/\/marlog-europe.com\/pl\/sprowadzanie-samochodu-spoza-ue\/\" \/>\n<meta property=\"og:locale\" content=\"pl_PL\" \/>\n<meta property=\"og:type\" content=\"article\" \/>\n<meta property=\"og:title\" content=\"Sprowadzanie samochodu spoza UE - Marlog Europe\" \/>\n<meta property=\"og:description\" content=\"Chcesz sprowadzi\u0107 samoch\u00f3d spoza UE? Marlog Europe pomaga w imporcie pojazdu, dzi\u0119ki czemu import samochod\u00f3w jest dost\u0119pny dla wszystkich\" \/>\n<meta property=\"og:url\" content=\"https:\/\/marlog-europe.com\/pl\/sprowadzanie-samochodu-spoza-ue\/\" \/>\n<meta property=\"og:site_name\" content=\"Marlog Europe\" \/>\n<meta property=\"article:modified_time\" content=\"2024-05-16T07:43:05+00:00\" \/>\n<meta name=\"twitter:card\" content=\"summary_large_image\" \/>\n<script type=\"application\/ld+json\" class=\"yoast-schema-graph\">{\"@context\":\"https:\\\/\\\/schema.org\",\"@graph\":[{\"@type\":\"WebPage\",\"@id\":\"https:\\\/\\\/marlog-europe.com\\\/pl\\\/sprowadzanie-samochodu-spoza-ue\\\/\",\"url\":\"https:\\\/\\\/marlog-europe.com\\\/pl\\\/sprowadzanie-samochodu-spoza-ue\\\/\",\"name\":\"Sprowadzanie samochodu spoza UE - Marlog Europe\",\"isPartOf\":{\"@id\":\"https:\\\/\\\/marlog-europe.nl\\\/#website\"},\"datePublished\":\"2022-05-23T12:09:19+00:00\",\"dateModified\":\"2024-05-16T07:43:05+00:00\",\"description\":\"Chcesz sprowadzi\u0107 samoch\u00f3d spoza UE? Marlog Europe pomaga w imporcie pojazdu, dzi\u0119ki czemu import samochod\u00f3w jest dost\u0119pny dla wszystkich\",\"breadcrumb\":{\"@id\":\"https:\\\/\\\/marlog-europe.com\\\/pl\\\/sprowadzanie-samochodu-spoza-ue\\\/#breadcrumb\"},\"inLanguage\":\"pl-PL\",\"potentialAction\":[{\"@type\":\"ReadAction\",\"target\":[\"https:\\\/\\\/marlog-europe.com\\\/pl\\\/sprowadzanie-samochodu-spoza-ue\\\/\"]}]},{\"@type\":\"BreadcrumbList\",\"@id\":\"https:\\\/\\\/marlog-europe.com\\\/pl\\\/sprowadzanie-samochodu-spoza-ue\\\/#breadcrumb\",\"itemListElement\":[{\"@type\":\"ListItem\",\"position\":1,\"name\":\"Home\",\"item\":\"https:\\\/\\\/marlog-europe.com\\\/pl\\\/\"},{\"@type\":\"ListItem\",\"position\":2,\"name\":\"Sprowadzanie samochodu spoza UE\"}]},{\"@type\":\"WebSite\",\"@id\":\"https:\\\/\\\/marlog-europe.nl\\\/#website\",\"url\":\"https:\\\/\\\/marlog-europe.nl\\\/\",\"name\":\"Marlog Europe\",\"description\":\"Auto import and export\",\"potentialAction\":[{\"@type\":\"SearchAction\",\"target\":{\"@type\":\"EntryPoint\",\"urlTemplate\":\"https:\\\/\\\/marlog-europe.nl\\\/?s={search_term_string}\"},\"query-input\":{\"@type\":\"PropertyValueSpecification\",\"valueRequired\":true,\"valueName\":\"search_term_string\"}}],\"inLanguage\":\"pl-PL\"}]}<\/script>\n<!-- \/ Yoast SEO plugin. -->","yoast_head_json":{"title":"Sprowadzanie samochodu spoza UE - Marlog Europe","description":"Chcesz sprowadzi\u0107 samoch\u00f3d spoza UE? Marlog Europe pomaga w imporcie pojazdu, dzi\u0119ki czemu import samochod\u00f3w jest dost\u0119pny dla wszystkich","robots":{"index":"index","follow":"follow","max-snippet":"max-snippet:-1","max-image-preview":"max-image-preview:large","max-video-preview":"max-video-preview:-1"},"canonical":"https:\/\/marlog-europe.com\/pl\/sprowadzanie-samochodu-spoza-ue\/","og_locale":"pl_PL","og_type":"article","og_title":"Sprowadzanie samochodu spoza UE - Marlog Europe","og_description":"Chcesz sprowadzi\u0107 samoch\u00f3d spoza UE? Marlog Europe pomaga w imporcie pojazdu, dzi\u0119ki czemu import samochod\u00f3w jest dost\u0119pny dla wszystkich","og_url":"https:\/\/marlog-europe.com\/pl\/sprowadzanie-samochodu-spoza-ue\/","og_site_name":"Marlog Europe","article_modified_time":"2024-05-16T07:43:05+00:00","twitter_card":"summary_large_image","schema":{"@context":"https:\/\/schema.org","@graph":[{"@type":"WebPage","@id":"https:\/\/marlog-europe.com\/pl\/sprowadzanie-samochodu-spoza-ue\/","url":"https:\/\/marlog-europe.com\/pl\/sprowadzanie-samochodu-spoza-ue\/","name":"Sprowadzanie samochodu spoza UE - Marlog Europe","isPartOf":{"@id":"https:\/\/marlog-europe.nl\/#website"},"datePublished":"2022-05-23T12:09:19+00:00","dateModified":"2024-05-16T07:43:05+00:00","description":"Chcesz sprowadzi\u0107 samoch\u00f3d spoza UE? Marlog Europe pomaga w imporcie pojazdu, dzi\u0119ki czemu import samochod\u00f3w jest dost\u0119pny dla wszystkich","breadcrumb":{"@id":"https:\/\/marlog-europe.com\/pl\/sprowadzanie-samochodu-spoza-ue\/#breadcrumb"},"inLanguage":"pl-PL","potentialAction":[{"@type":"ReadAction","target":["https:\/\/marlog-europe.com\/pl\/sprowadzanie-samochodu-spoza-ue\/"]}]},{"@type":"BreadcrumbList","@id":"https:\/\/marlog-europe.com\/pl\/sprowadzanie-samochodu-spoza-ue\/#breadcrumb","itemListElement":[{"@type":"ListItem","position":1,"name":"Home","item":"https:\/\/marlog-europe.com\/pl\/"},{"@type":"ListItem","position":2,"name":"Sprowadzanie samochodu spoza UE"}]},{"@type":"WebSite","@id":"https:\/\/marlog-europe.nl\/#website","url":"https:\/\/marlog-europe.nl\/","name":"Marlog Europe","description":"Auto import and export","potentialAction":[{"@type":"SearchAction","target":{"@type":"EntryPoint","urlTemplate":"https:\/\/marlog-europe.nl\/?s={search_term_string}"},"query-input":{"@type":"PropertyValueSpecification","valueRequired":true,"valueName":"search_term_string"}}],"inLanguage":"pl-PL"}]}},"_links":{"self":[{"href":"https:\/\/marlog-europe.com\/pl\/wp-json\/wp\/v2\/pages\/967","targetHints":{"allow":["GET"]}}],"collection":[{"href":"https:\/\/marlog-europe.com\/pl\/wp-json\/wp\/v2\/pages"}],"about":[{"href":"https:\/\/marlog-europe.com\/pl\/wp-json\/wp\/v2\/types\/page"}],"author":[{"embeddable":true,"href":"https:\/\/marlog-europe.com\/pl\/wp-json\/wp\/v2\/users\/1"}],"replies":[{"embeddable":true,"href":"https:\/\/marlog-europe.com\/pl\/wp-json\/wp\/v2\/comments?post=967"}],"version-history":[{"count":0,"href":"https:\/\/marlog-europe.com\/pl\/wp-json\/wp\/v2\/pages\/967\/revisions"}],"wp:attachment":[{"href":"https:\/\/marlog-europe.com\/pl\/wp-json\/wp\/v2\/media?parent=967"}],"curies":[{"name":"wp","href":"https:\/\/api.w.org\/{rel}","templated":true}]}}