{"id":1250,"date":"2022-02-21T14:40:35","date_gmt":"2022-02-21T14:40:35","guid":{"rendered":"https:\/\/marlog-europe.com\/services\/customs-formalities\/"},"modified":"2025-01-03T10:09:16","modified_gmt":"2025-01-03T10:09:16","slug":"despacho-aduaneiro","status":"publish","type":"page","link":"https:\/\/marlog-europe.com\/pt-pt\/despacho-aduaneiro\/","title":{"rendered":"Despacho Aduaneiro"},"content":{"rendered":"","protected":false},"excerpt":{"rendered":"","protected":false},"author":1,"featured_media":8997,"parent":0,"menu_order":27,"comment_status":"closed","ping_status":"closed","template":"page-templates\/page.php","meta":{"_acf_changed":false,"_genesis_hide_title":false,"_genesis_hide_breadcrumbs":false,"_genesis_hide_singular_image":false,"_genesis_hide_footer_widgets":false,"_genesis_custom_body_class":"","_genesis_custom_post_class":"","_genesis_layout":"","footnotes":""},"class_list":{"0":"post-1250","1":"page","2":"type-page","3":"status-publish","4":"has-post-thumbnail","6":"entry"},"acf":[],"yoast_head":"<!-- This site is optimized with the Yoast SEO plugin v27.5 - https:\/\/yoast.com\/product\/yoast-seo-wordpress\/ -->\n<title>Despacho Aduaneiro - Marlog Europe<\/title>\n<meta name=\"description\" content=\"Curioso para saber como podemos ajud\u00e1-lo com o desembara\u00e7o aduaneiro de suas mercadorias de forma r\u00e1pida, sem preocupa\u00e7\u00f5es e sem erros? Acesse o site!\" \/>\n<meta name=\"robots\" content=\"index, follow, max-snippet:-1, max-image-preview:large, max-video-preview:-1\" \/>\n<link rel=\"canonical\" href=\"https:\/\/marlog-europe.com\/pt-pt\/despacho-aduaneiro\/\" \/>\n<meta property=\"og:locale\" content=\"pt_PT\" \/>\n<meta property=\"og:type\" content=\"article\" \/>\n<meta property=\"og:title\" content=\"Despacho Aduaneiro - Marlog Europe\" \/>\n<meta property=\"og:description\" content=\"Curioso para saber como podemos ajud\u00e1-lo com o desembara\u00e7o aduaneiro de suas mercadorias de forma r\u00e1pida, sem preocupa\u00e7\u00f5es e sem erros? Acesse o site!\" \/>\n<meta property=\"og:url\" content=\"https:\/\/marlog-europe.com\/pt-pt\/despacho-aduaneiro\/\" \/>\n<meta property=\"og:site_name\" content=\"Marlog Europe\" \/>\n<meta property=\"article:modified_time\" content=\"2025-01-03T10:09:16+00:00\" \/>\n<meta name=\"twitter:card\" content=\"summary_large_image\" \/>\n<script type=\"application\/ld+json\" class=\"yoast-schema-graph\">{\"@context\":\"https:\\\/\\\/schema.org\",\"@graph\":[{\"@type\":\"WebPage\",\"@id\":\"https:\\\/\\\/marlog-europe.com\\\/pt-pt\\\/despacho-aduaneiro\\\/\",\"url\":\"https:\\\/\\\/marlog-europe.com\\\/pt-pt\\\/despacho-aduaneiro\\\/\",\"name\":\"Despacho Aduaneiro - Marlog Europe\",\"isPartOf\":{\"@id\":\"https:\\\/\\\/marlog-europe.nl\\\/#website\"},\"primaryImageOfPage\":{\"@id\":\"https:\\\/\\\/marlog-europe.com\\\/pt-pt\\\/despacho-aduaneiro\\\/#primaryimage\"},\"image\":{\"@id\":\"https:\\\/\\\/marlog-europe.com\\\/pt-pt\\\/despacho-aduaneiro\\\/#primaryimage\"},\"thumbnailUrl\":\"https:\\\/\\\/marlog-europe.com\\\/wp-content\\\/uploads\\\/Customs-clearance.jpg\",\"datePublished\":\"2022-02-21T14:40:35+00:00\",\"dateModified\":\"2025-01-03T10:09:16+00:00\",\"description\":\"Curioso para saber como podemos ajud\u00e1-lo com o desembara\u00e7o aduaneiro de suas mercadorias de forma r\u00e1pida, sem preocupa\u00e7\u00f5es e sem erros? Acesse o site!\",\"breadcrumb\":{\"@id\":\"https:\\\/\\\/marlog-europe.com\\\/pt-pt\\\/despacho-aduaneiro\\\/#breadcrumb\"},\"inLanguage\":\"pt-PT\",\"potentialAction\":[{\"@type\":\"ReadAction\",\"target\":[\"https:\\\/\\\/marlog-europe.com\\\/pt-pt\\\/despacho-aduaneiro\\\/\"]}]},{\"@type\":\"ImageObject\",\"inLanguage\":\"pt-PT\",\"@id\":\"https:\\\/\\\/marlog-europe.com\\\/pt-pt\\\/despacho-aduaneiro\\\/#primaryimage\",\"url\":\"https:\\\/\\\/marlog-europe.com\\\/wp-content\\\/uploads\\\/Customs-clearance.jpg\",\"contentUrl\":\"https:\\\/\\\/marlog-europe.com\\\/wp-content\\\/uploads\\\/Customs-clearance.jpg\",\"width\":360,\"height\":360,\"caption\":\"Customs clearance\"},{\"@type\":\"BreadcrumbList\",\"@id\":\"https:\\\/\\\/marlog-europe.com\\\/pt-pt\\\/despacho-aduaneiro\\\/#breadcrumb\",\"itemListElement\":[{\"@type\":\"ListItem\",\"position\":1,\"name\":\"Home\",\"item\":\"https:\\\/\\\/marlog-europe.com\\\/pt-pt\\\/\"},{\"@type\":\"ListItem\",\"position\":2,\"name\":\"Servi\u00e7os\",\"item\":\"https:\\\/\\\/marlog-europe.com\\\/pt-pt\\\/servicos\\\/\"},{\"@type\":\"ListItem\",\"position\":3,\"name\":\"Despacho Aduaneiro\"}]},{\"@type\":\"WebSite\",\"@id\":\"https:\\\/\\\/marlog-europe.nl\\\/#website\",\"url\":\"https:\\\/\\\/marlog-europe.nl\\\/\",\"name\":\"Marlog Europe\",\"description\":\"Auto import and export\",\"potentialAction\":[{\"@type\":\"SearchAction\",\"target\":{\"@type\":\"EntryPoint\",\"urlTemplate\":\"https:\\\/\\\/marlog-europe.nl\\\/?s={search_term_string}\"},\"query-input\":{\"@type\":\"PropertyValueSpecification\",\"valueRequired\":true,\"valueName\":\"search_term_string\"}}],\"inLanguage\":\"pt-PT\"}]}<\/script>\n<!-- \/ Yoast SEO plugin. -->","yoast_head_json":{"title":"Despacho Aduaneiro - Marlog Europe","description":"Curioso para saber como podemos ajud\u00e1-lo com o desembara\u00e7o aduaneiro de suas mercadorias de forma r\u00e1pida, sem preocupa\u00e7\u00f5es e sem erros? Acesse o site!","robots":{"index":"index","follow":"follow","max-snippet":"max-snippet:-1","max-image-preview":"max-image-preview:large","max-video-preview":"max-video-preview:-1"},"canonical":"https:\/\/marlog-europe.com\/pt-pt\/despacho-aduaneiro\/","og_locale":"pt_PT","og_type":"article","og_title":"Despacho Aduaneiro - Marlog Europe","og_description":"Curioso para saber como podemos ajud\u00e1-lo com o desembara\u00e7o aduaneiro de suas mercadorias de forma r\u00e1pida, sem preocupa\u00e7\u00f5es e sem erros? Acesse o site!","og_url":"https:\/\/marlog-europe.com\/pt-pt\/despacho-aduaneiro\/","og_site_name":"Marlog Europe","article_modified_time":"2025-01-03T10:09:16+00:00","twitter_card":"summary_large_image","schema":{"@context":"https:\/\/schema.org","@graph":[{"@type":"WebPage","@id":"https:\/\/marlog-europe.com\/pt-pt\/despacho-aduaneiro\/","url":"https:\/\/marlog-europe.com\/pt-pt\/despacho-aduaneiro\/","name":"Despacho Aduaneiro - Marlog Europe","isPartOf":{"@id":"https:\/\/marlog-europe.nl\/#website"},"primaryImageOfPage":{"@id":"https:\/\/marlog-europe.com\/pt-pt\/despacho-aduaneiro\/#primaryimage"},"image":{"@id":"https:\/\/marlog-europe.com\/pt-pt\/despacho-aduaneiro\/#primaryimage"},"thumbnailUrl":"https:\/\/marlog-europe.com\/wp-content\/uploads\/Customs-clearance.jpg","datePublished":"2022-02-21T14:40:35+00:00","dateModified":"2025-01-03T10:09:16+00:00","description":"Curioso para saber como podemos ajud\u00e1-lo com o desembara\u00e7o aduaneiro de suas mercadorias de forma r\u00e1pida, sem preocupa\u00e7\u00f5es e sem erros? Acesse o site!","breadcrumb":{"@id":"https:\/\/marlog-europe.com\/pt-pt\/despacho-aduaneiro\/#breadcrumb"},"inLanguage":"pt-PT","potentialAction":[{"@type":"ReadAction","target":["https:\/\/marlog-europe.com\/pt-pt\/despacho-aduaneiro\/"]}]},{"@type":"ImageObject","inLanguage":"pt-PT","@id":"https:\/\/marlog-europe.com\/pt-pt\/despacho-aduaneiro\/#primaryimage","url":"https:\/\/marlog-europe.com\/wp-content\/uploads\/Customs-clearance.jpg","contentUrl":"https:\/\/marlog-europe.com\/wp-content\/uploads\/Customs-clearance.jpg","width":360,"height":360,"caption":"Customs clearance"},{"@type":"BreadcrumbList","@id":"https:\/\/marlog-europe.com\/pt-pt\/despacho-aduaneiro\/#breadcrumb","itemListElement":[{"@type":"ListItem","position":1,"name":"Home","item":"https:\/\/marlog-europe.com\/pt-pt\/"},{"@type":"ListItem","position":2,"name":"Servi\u00e7os","item":"https:\/\/marlog-europe.com\/pt-pt\/servicos\/"},{"@type":"ListItem","position":3,"name":"Despacho Aduaneiro"}]},{"@type":"WebSite","@id":"https:\/\/marlog-europe.nl\/#website","url":"https:\/\/marlog-europe.nl\/","name":"Marlog Europe","description":"Auto import and export","potentialAction":[{"@type":"SearchAction","target":{"@type":"EntryPoint","urlTemplate":"https:\/\/marlog-europe.nl\/?s={search_term_string}"},"query-input":{"@type":"PropertyValueSpecification","valueRequired":true,"valueName":"search_term_string"}}],"inLanguage":"pt-PT"}]}},"_links":{"self":[{"href":"https:\/\/marlog-europe.com\/pt-pt\/wp-json\/wp\/v2\/pages\/1250","targetHints":{"allow":["GET"]}}],"collection":[{"href":"https:\/\/marlog-europe.com\/pt-pt\/wp-json\/wp\/v2\/pages"}],"about":[{"href":"https:\/\/marlog-europe.com\/pt-pt\/wp-json\/wp\/v2\/types\/page"}],"author":[{"embeddable":true,"href":"https:\/\/marlog-europe.com\/pt-pt\/wp-json\/wp\/v2\/users\/1"}],"replies":[{"embeddable":true,"href":"https:\/\/marlog-europe.com\/pt-pt\/wp-json\/wp\/v2\/comments?post=1250"}],"version-history":[{"count":0,"href":"https:\/\/marlog-europe.com\/pt-pt\/wp-json\/wp\/v2\/pages\/1250\/revisions"}],"wp:featuredmedia":[{"embeddable":true,"href":"https:\/\/marlog-europe.com\/pt-pt\/wp-json\/wp\/v2\/media\/8997"}],"wp:attachment":[{"href":"https:\/\/marlog-europe.com\/pt-pt\/wp-json\/wp\/v2\/media?parent=1250"}],"curies":[{"name":"wp","href":"https:\/\/api.w.org\/{rel}","templated":true}]}}