{"id":6320,"date":"2025-08-20T06:49:52","date_gmt":"2025-08-20T06:49:52","guid":{"rendered":"https:\/\/marlog-europe.com\/importar-um-carro-fora-da-ue\/belgie\/"},"modified":"2025-10-23T09:28:03","modified_gmt":"2025-10-23T09:28:03","slug":"belgica","status":"publish","type":"page","link":"https:\/\/marlog-europe.com\/pt-pt\/importar-automovel\/belgica\/","title":{"rendered":"Importar carro da B\u00e9lgica"},"content":{"rendered":"","protected":false},"excerpt":{"rendered":"","protected":false},"author":3,"featured_media":0,"parent":7954,"menu_order":0,"comment_status":"closed","ping_status":"closed","template":"page-templates\/page.php","meta":{"_acf_changed":false,"_genesis_hide_title":false,"_genesis_hide_breadcrumbs":false,"_genesis_hide_singular_image":false,"_genesis_hide_footer_widgets":false,"_genesis_custom_body_class":"","_genesis_custom_post_class":"","_genesis_layout":"","footnotes":""},"class_list":{"0":"post-6320","1":"page","2":"type-page","3":"status-publish","5":"entry"},"acf":[],"yoast_head":"<!-- This site is optimized with the Yoast SEO plugin v27.5 - https:\/\/yoast.com\/product\/yoast-seo-wordpress\/ -->\n<title>Importar carro da B\u00e9lgica? A Marlog Europe acompanha voc\u00ea do in\u00edcio ao fim.<\/title>\n<meta name=\"description\" content=\"Importar o seu carro da B\u00e9lgica? De BMW X1 a Tesla Model 3, a Marlog ajuda com transporte, BPM, inspe\u00e7\u00e3o RDW e matr\u00edcula. R\u00e1pido, acess\u00edvel e sem preocupa\u00e7\u00f5es.\" \/>\n<meta name=\"robots\" content=\"index, follow, max-snippet:-1, max-image-preview:large, max-video-preview:-1\" \/>\n<link rel=\"canonical\" href=\"https:\/\/marlog-europe.com\/pt-pt\/importar-automovel\/belgica\/\" \/>\n<meta property=\"og:locale\" content=\"pt_PT\" \/>\n<meta property=\"og:type\" content=\"article\" \/>\n<meta property=\"og:title\" content=\"Importar carro da B\u00e9lgica? A Marlog Europe acompanha voc\u00ea do in\u00edcio ao fim.\" \/>\n<meta property=\"og:description\" content=\"Importar o seu carro da B\u00e9lgica? De BMW X1 a Tesla Model 3, a Marlog ajuda com transporte, BPM, inspe\u00e7\u00e3o RDW e matr\u00edcula. R\u00e1pido, acess\u00edvel e sem preocupa\u00e7\u00f5es.\" \/>\n<meta property=\"og:url\" content=\"https:\/\/marlog-europe.com\/pt-pt\/importar-automovel\/belgica\/\" \/>\n<meta property=\"og:site_name\" content=\"Marlog Europe\" \/>\n<meta property=\"article:modified_time\" content=\"2025-10-23T09:28:03+00:00\" \/>\n<meta name=\"twitter:card\" content=\"summary_large_image\" \/>\n<script type=\"application\/ld+json\" class=\"yoast-schema-graph\">{\"@context\":\"https:\\\/\\\/schema.org\",\"@graph\":[{\"@type\":\"WebPage\",\"@id\":\"https:\\\/\\\/marlog-europe.com\\\/pt-pt\\\/importar-automovel\\\/belgica\\\/\",\"url\":\"https:\\\/\\\/marlog-europe.com\\\/pt-pt\\\/importar-automovel\\\/belgica\\\/\",\"name\":\"Importar carro da B\u00e9lgica? A Marlog Europe acompanha voc\u00ea do in\u00edcio ao fim.\",\"isPartOf\":{\"@id\":\"https:\\\/\\\/marlog-europe.nl\\\/#website\"},\"datePublished\":\"2025-08-20T06:49:52+00:00\",\"dateModified\":\"2025-10-23T09:28:03+00:00\",\"description\":\"Importar o seu carro da B\u00e9lgica? De BMW X1 a Tesla Model 3, a Marlog ajuda com transporte, BPM, inspe\u00e7\u00e3o RDW e matr\u00edcula. R\u00e1pido, acess\u00edvel e sem preocupa\u00e7\u00f5es.\",\"breadcrumb\":{\"@id\":\"https:\\\/\\\/marlog-europe.com\\\/pt-pt\\\/importar-automovel\\\/belgica\\\/#breadcrumb\"},\"inLanguage\":\"pt-PT\",\"potentialAction\":[{\"@type\":\"ReadAction\",\"target\":[\"https:\\\/\\\/marlog-europe.com\\\/pt-pt\\\/importar-automovel\\\/belgica\\\/\"]}]},{\"@type\":\"BreadcrumbList\",\"@id\":\"https:\\\/\\\/marlog-europe.com\\\/pt-pt\\\/importar-automovel\\\/belgica\\\/#breadcrumb\",\"itemListElement\":[{\"@type\":\"ListItem\",\"position\":1,\"name\":\"Home\",\"item\":\"https:\\\/\\\/marlog-europe.com\\\/pt-pt\\\/\"},{\"@type\":\"ListItem\",\"position\":2,\"name\":\"Importar um carro fora da UE\",\"item\":\"https:\\\/\\\/marlog-europe.com\\\/pt-pt\\\/importar-um-carro-fora-da-ue\\\/\"},{\"@type\":\"ListItem\",\"position\":3,\"name\":\"Importar carro da B\u00e9lgica\"}]},{\"@type\":\"WebSite\",\"@id\":\"https:\\\/\\\/marlog-europe.nl\\\/#website\",\"url\":\"https:\\\/\\\/marlog-europe.nl\\\/\",\"name\":\"Marlog Europe\",\"description\":\"Auto import and export\",\"potentialAction\":[{\"@type\":\"SearchAction\",\"target\":{\"@type\":\"EntryPoint\",\"urlTemplate\":\"https:\\\/\\\/marlog-europe.nl\\\/?s={search_term_string}\"},\"query-input\":{\"@type\":\"PropertyValueSpecification\",\"valueRequired\":true,\"valueName\":\"search_term_string\"}}],\"inLanguage\":\"pt-PT\"}]}<\/script>\n<!-- \/ Yoast SEO plugin. -->","yoast_head_json":{"title":"Importar carro da B\u00e9lgica? A Marlog Europe acompanha voc\u00ea do in\u00edcio ao fim.","description":"Importar o seu carro da B\u00e9lgica? De BMW X1 a Tesla Model 3, a Marlog ajuda com transporte, BPM, inspe\u00e7\u00e3o RDW e matr\u00edcula. R\u00e1pido, acess\u00edvel e sem preocupa\u00e7\u00f5es.","robots":{"index":"index","follow":"follow","max-snippet":"max-snippet:-1","max-image-preview":"max-image-preview:large","max-video-preview":"max-video-preview:-1"},"canonical":"https:\/\/marlog-europe.com\/pt-pt\/importar-automovel\/belgica\/","og_locale":"pt_PT","og_type":"article","og_title":"Importar carro da B\u00e9lgica? A Marlog Europe acompanha voc\u00ea do in\u00edcio ao fim.","og_description":"Importar o seu carro da B\u00e9lgica? De BMW X1 a Tesla Model 3, a Marlog ajuda com transporte, BPM, inspe\u00e7\u00e3o RDW e matr\u00edcula. R\u00e1pido, acess\u00edvel e sem preocupa\u00e7\u00f5es.","og_url":"https:\/\/marlog-europe.com\/pt-pt\/importar-automovel\/belgica\/","og_site_name":"Marlog Europe","article_modified_time":"2025-10-23T09:28:03+00:00","twitter_card":"summary_large_image","schema":{"@context":"https:\/\/schema.org","@graph":[{"@type":"WebPage","@id":"https:\/\/marlog-europe.com\/pt-pt\/importar-automovel\/belgica\/","url":"https:\/\/marlog-europe.com\/pt-pt\/importar-automovel\/belgica\/","name":"Importar carro da B\u00e9lgica? A Marlog Europe acompanha voc\u00ea do in\u00edcio ao fim.","isPartOf":{"@id":"https:\/\/marlog-europe.nl\/#website"},"datePublished":"2025-08-20T06:49:52+00:00","dateModified":"2025-10-23T09:28:03+00:00","description":"Importar o seu carro da B\u00e9lgica? De BMW X1 a Tesla Model 3, a Marlog ajuda com transporte, BPM, inspe\u00e7\u00e3o RDW e matr\u00edcula. R\u00e1pido, acess\u00edvel e sem preocupa\u00e7\u00f5es.","breadcrumb":{"@id":"https:\/\/marlog-europe.com\/pt-pt\/importar-automovel\/belgica\/#breadcrumb"},"inLanguage":"pt-PT","potentialAction":[{"@type":"ReadAction","target":["https:\/\/marlog-europe.com\/pt-pt\/importar-automovel\/belgica\/"]}]},{"@type":"BreadcrumbList","@id":"https:\/\/marlog-europe.com\/pt-pt\/importar-automovel\/belgica\/#breadcrumb","itemListElement":[{"@type":"ListItem","position":1,"name":"Home","item":"https:\/\/marlog-europe.com\/pt-pt\/"},{"@type":"ListItem","position":2,"name":"Importar um carro fora da UE","item":"https:\/\/marlog-europe.com\/pt-pt\/importar-um-carro-fora-da-ue\/"},{"@type":"ListItem","position":3,"name":"Importar carro da B\u00e9lgica"}]},{"@type":"WebSite","@id":"https:\/\/marlog-europe.nl\/#website","url":"https:\/\/marlog-europe.nl\/","name":"Marlog Europe","description":"Auto import and export","potentialAction":[{"@type":"SearchAction","target":{"@type":"EntryPoint","urlTemplate":"https:\/\/marlog-europe.nl\/?s={search_term_string}"},"query-input":{"@type":"PropertyValueSpecification","valueRequired":true,"valueName":"search_term_string"}}],"inLanguage":"pt-PT"}]}},"_links":{"self":[{"href":"https:\/\/marlog-europe.com\/pt-pt\/wp-json\/wp\/v2\/pages\/6320","targetHints":{"allow":["GET"]}}],"collection":[{"href":"https:\/\/marlog-europe.com\/pt-pt\/wp-json\/wp\/v2\/pages"}],"about":[{"href":"https:\/\/marlog-europe.com\/pt-pt\/wp-json\/wp\/v2\/types\/page"}],"author":[{"embeddable":true,"href":"https:\/\/marlog-europe.com\/pt-pt\/wp-json\/wp\/v2\/users\/3"}],"replies":[{"embeddable":true,"href":"https:\/\/marlog-europe.com\/pt-pt\/wp-json\/wp\/v2\/comments?post=6320"}],"version-history":[{"count":4,"href":"https:\/\/marlog-europe.com\/pt-pt\/wp-json\/wp\/v2\/pages\/6320\/revisions"}],"predecessor-version":[{"id":6355,"href":"https:\/\/marlog-europe.com\/pt-pt\/wp-json\/wp\/v2\/pages\/6320\/revisions\/6355"}],"up":[{"embeddable":true,"href":"https:\/\/marlog-europe.com\/pt-pt\/wp-json\/wp\/v2\/pages\/7954"}],"wp:attachment":[{"href":"https:\/\/marlog-europe.com\/pt-pt\/wp-json\/wp\/v2\/media?parent=6320"}],"curies":[{"name":"wp","href":"https:\/\/api.w.org\/{rel}","templated":true}]}}